{"id":2063,"date":"2021-03-11T13:35:55","date_gmt":"2021-03-11T13:35:55","guid":{"rendered":"https:\/\/stage.startertemplatecloud.com\/g09\/?page_id=2063"},"modified":"2025-05-18T20:06:10","modified_gmt":"2025-05-18T17:06:10","slug":"home","status":"publish","type":"page","link":"https:\/\/salihlimaydonozdoner.com\/","title":{"rendered":"Maydonoz D\u00f6ner"},"content":{"rendered":"\n\n<div class=\"wp-block-kadence-column kadence-column2063_7d41aa-6c inner-column-1\"><div class=\"kt-inside-inner-col\">\n<h6 class=\"kt-adv-heading2063_75ce1a-92 wp-block-kadence-advancedheading\" data-kb-block=\"kb-adv-heading2063_75ce1a-92\">SAL\u0130HL\u0130<\/h6>\n\n\n\n<h1 class=\"kt-adv-heading2063_84a720-2c wp-block-kadence-advancedheading\" data-kb-block=\"kb-adv-heading2063_84a720-2c\"><a href=\"http:\/\/salihlimaydonozdoner.com\">MAYDONoZ D\u00d6NER<\/a><\/h1>\n\n\n\n<div class=\"wp-block-kadence-advancedbtn kb-buttons-wrap kb-btns2063_48f8fa-f7\"><\/div>\n<\/div><\/div>\n\n\n\n<div class=\"wp-block-kadence-column kadence-column2063_23819b-cd inner-column-2\"><div class=\"kt-inside-inner-col\"><\/div><\/div>\n\n\n\n\n\n<div class=\"wp-block-kadence-column kadence-column2063_6ec835-c6 inner-column-1\"><div class=\"kt-inside-inner-col\">\n\n<div class=\"wp-block-kadence-column kadence-column2063_b68441-de inner-column-1\"><div class=\"kt-inside-inner-col\">\n<div class=\"wp-block-kadence-infobox kt-info-box2063_ec6d3f-50\"><span class=\"kt-blocks-info-box-link-wrap info-box-link kt-blocks-info-box-media-align-top kt-info-halign-center\"><div class=\"kt-blocks-info-box-media-container\"><div class=\"kt-blocks-info-box-media kt-info-media-animate-drawborder\"><div class=\"kadence-info-box-image-inner-intrisic-container\"><div class=\"kadence-info-box-image-intrisic kt-info-animate-drawborder\"><div class=\"kadence-info-box-image-inner-intrisic\"><img loading=\"lazy\" decoding=\"async\" src=\"https:\/\/www.maydonozdonersivas.com\/wp-content\/uploads\/2024\/05\/durumler.png\" alt=\"\" width=\"1356\" height=\"1478\" class=\"kt-info-box-image wp-image-220\" srcset=\"https:\/\/salihlimaydonozdoner.com\/wp-content\/uploads\/2024\/05\/durumler.png 1356w, https:\/\/salihlimaydonozdoner.com\/wp-content\/uploads\/2024\/05\/durumler-600x654.png 600w, https:\/\/salihlimaydonozdoner.com\/wp-content\/uploads\/2024\/05\/durumler-275x300.png 275w, https:\/\/salihlimaydonozdoner.com\/wp-content\/uploads\/2024\/05\/durumler-939x1024.png 939w, https:\/\/salihlimaydonozdoner.com\/wp-content\/uploads\/2024\/05\/durumler-768x837.png 768w\" sizes=\"auto, (max-width: 1356px) 100vw, 1356px\" \/><\/div><\/div><\/div><\/div><\/div><div class=\"kt-infobox-textcontent\"><h5 class=\"kt-blocks-info-box-title\"><\/h5><\/div><\/span><\/div>\n<\/div><\/div>\n\n\n\n<div class=\"wp-block-kadence-column kadence-column2063_50291e-18 inner-column-2\"><div class=\"kt-inside-inner-col\">\n<div class=\"wp-block-kadence-infobox kt-info-box2063_cc75e3-bd\"><span class=\"kt-blocks-info-box-link-wrap info-box-link kt-blocks-info-box-media-align-top kt-info-halign-center\"><div class=\"kt-blocks-info-box-media-container\"><div class=\"kt-blocks-info-box-media kt-info-media-animate-none\"><div class=\"kadence-info-box-image-inner-intrisic-container\"><div class=\"kadence-info-box-image-intrisic kt-info-animate-none\"><div class=\"kadence-info-box-image-inner-intrisic\"><img loading=\"lazy\" decoding=\"async\" src=\"https:\/\/www.maydonozdonersivas.com\/wp-content\/uploads\/2024\/05\/takolar.png\" alt=\"\" width=\"1356\" height=\"1478\" class=\"kt-info-box-image wp-image-219\" srcset=\"https:\/\/salihlimaydonozdoner.com\/wp-content\/uploads\/2024\/05\/takolar.png 1356w, https:\/\/salihlimaydonozdoner.com\/wp-content\/uploads\/2024\/05\/takolar-600x654.png 600w, https:\/\/salihlimaydonozdoner.com\/wp-content\/uploads\/2024\/05\/takolar-275x300.png 275w, https:\/\/salihlimaydonozdoner.com\/wp-content\/uploads\/2024\/05\/takolar-939x1024.png 939w, https:\/\/salihlimaydonozdoner.com\/wp-content\/uploads\/2024\/05\/takolar-768x837.png 768w\" sizes=\"auto, (max-width: 1356px) 100vw, 1356px\" \/><\/div><\/div><\/div><\/div><\/div><div class=\"kt-infobox-textcontent\"><h5 class=\"kt-blocks-info-box-title\"><\/h5><\/div><\/span><\/div>\n<\/div><\/div>\n\n\n\n<div class=\"wp-block-kadence-column kadence-column2063_926161-cb inner-column-3\"><div class=\"kt-inside-inner-col\">\n<div class=\"wp-block-kadence-infobox kt-info-box2063_cf2dbf-7c\"><span class=\"kt-blocks-info-box-link-wrap info-box-link kt-blocks-info-box-media-align-top kt-info-halign-center\"><div class=\"kt-blocks-info-box-media-container\"><div class=\"kt-blocks-info-box-media kt-info-media-animate-none\"><div class=\"kadence-info-box-image-inner-intrisic-container\"><div class=\"kadence-info-box-image-intrisic kt-info-animate-none\"><div class=\"kadence-info-box-image-inner-intrisic\"><img loading=\"lazy\" decoding=\"async\" src=\"https:\/\/www.maydonozdonersivas.com\/wp-content\/uploads\/2024\/05\/atistirmaliklar-1.png\" alt=\"\" width=\"1356\" height=\"1478\" class=\"kt-info-box-image wp-image-222\" srcset=\"https:\/\/salihlimaydonozdoner.com\/wp-content\/uploads\/2024\/05\/atistirmaliklar-1.png 1356w, https:\/\/salihlimaydonozdoner.com\/wp-content\/uploads\/2024\/05\/atistirmaliklar-1-600x654.png 600w, https:\/\/salihlimaydonozdoner.com\/wp-content\/uploads\/2024\/05\/atistirmaliklar-1-275x300.png 275w, https:\/\/salihlimaydonozdoner.com\/wp-content\/uploads\/2024\/05\/atistirmaliklar-1-939x1024.png 939w, https:\/\/salihlimaydonozdoner.com\/wp-content\/uploads\/2024\/05\/atistirmaliklar-1-768x837.png 768w\" sizes=\"auto, (max-width: 1356px) 100vw, 1356px\" \/><\/div><\/div><\/div><\/div><\/div><div class=\"kt-infobox-textcontent\"><h5 class=\"kt-blocks-info-box-title\"><\/h5><\/div><\/span><\/div>\n<\/div><\/div>\n\n\n\n<div class=\"wp-block-kadence-column kadence-column2063_a9c923-b0 inner-column-4\"><div class=\"kt-inside-inner-col\">\n<div class=\"wp-block-kadence-infobox kt-info-box2063_cff748-a7\"><span class=\"kt-blocks-info-box-link-wrap info-box-link kt-blocks-info-box-media-align-top kt-info-halign-center\"><div class=\"kt-blocks-info-box-media-container\"><div class=\"kt-blocks-info-box-media kt-info-media-animate-none\"><div class=\"kadence-info-box-image-inner-intrisic-container\"><div class=\"kadence-info-box-image-intrisic kt-info-animate-none\"><div class=\"kadence-info-box-image-inner-intrisic\"><img loading=\"lazy\" decoding=\"async\" src=\"https:\/\/www.maydonozdonersivas.com\/wp-content\/uploads\/2024\/05\/turkce-urunler.png\" alt=\"\" width=\"1356\" height=\"1478\" class=\"kt-info-box-image wp-image-221\" srcset=\"https:\/\/salihlimaydonozdoner.com\/wp-content\/uploads\/2024\/05\/turkce-urunler.png 1356w, https:\/\/salihlimaydonozdoner.com\/wp-content\/uploads\/2024\/05\/turkce-urunler-600x654.png 600w, https:\/\/salihlimaydonozdoner.com\/wp-content\/uploads\/2024\/05\/turkce-urunler-275x300.png 275w, https:\/\/salihlimaydonozdoner.com\/wp-content\/uploads\/2024\/05\/turkce-urunler-939x1024.png 939w, https:\/\/salihlimaydonozdoner.com\/wp-content\/uploads\/2024\/05\/turkce-urunler-768x837.png 768w\" sizes=\"auto, (max-width: 1356px) 100vw, 1356px\" \/><\/div><\/div><\/div><\/div><\/div><div class=\"kt-infobox-textcontent\"><h5 class=\"kt-blocks-info-box-title\"><\/h5><\/div><\/span><\/div>\n<\/div><\/div>\n\n<\/div><\/div>\n\n\n\n\n\n<div class=\"wp-block-kadence-column kadence-column2063_62806f-81 inner-column-1\"><div class=\"kt-inside-inner-col\">\n\n<div class=\"wp-block-kadence-column kadence-column2063_d661ec-df inner-column-1\"><div class=\"kt-inside-inner-col\"><\/div><\/div>\n\n\n\n<div class=\"wp-block-kadence-column kadence-column2063_4c44d5-6a inner-column-2\"><div class=\"kt-inside-inner-col\">\n<h4 class=\"kt-adv-heading2063_aa51e2-d4 wp-block-kadence-advancedheading has-theme-palette-9-color has-text-color\" data-kb-block=\"kb-adv-heading2063_aa51e2-d4\">ATI\u015eTIRMALIKLAR<\/h4>\n\n\n\n<p class=\"kt-adv-heading2063_3f1112-63 wp-block-kadence-advancedheading has-theme-palette-9-color has-text-color\" data-kb-block=\"kb-adv-heading2063_3f1112-63\">At\u0131\u015ft\u0131rmal\u0131klar\u0131m\u0131z i\u00e7in men\u00fcm\u00fcz\u00fc inceleyebilir ve sipari\u015f verebiirsiniz.<\/p>\n\n\n\n<div class=\"wp-block-kadence-advancedbtn kb-buttons-wrap kb-btns2063_dfc274-6c\"><\/div>\n<\/div><\/div>\n\n<\/div><\/div>\n\n\n\n<div class=\"wp-block-kadence-column kadence-column2063_538fe7-a7 inner-column-2\"><div class=\"kt-inside-inner-col\">\n\n<div class=\"wp-block-kadence-column kadence-column2063_e5b959-27 inner-column-1\"><div class=\"kt-inside-inner-col\"><\/div><\/div>\n\n\n\n<div class=\"wp-block-kadence-column kadence-column2063_bfe882-58 inner-column-2\"><div class=\"kt-inside-inner-col\">\n<h4 class=\"kt-adv-heading2063_889e8c-73 wp-block-kadence-advancedheading has-theme-palette-9-color has-text-color\" data-kb-block=\"kb-adv-heading2063_889e8c-73\">D\u00dcR\u00dcMLER<\/h4>\n\n\n\n<p class=\"kt-adv-heading2063_3d35c1-16 wp-block-kadence-advancedheading has-theme-palette-9-color has-text-color\" data-kb-block=\"kb-adv-heading2063_3d35c1-16\">D\u00fcr\u00fcm \u00e7e\u015fitlerimiz i\u00e7in men\u00fcm\u00fcze g\u00f6z atabilirsiniz.<\/p>\n\n\n\n<p class=\"kt-adv-heading2063_46d76b-6d wp-block-kadence-advancedheading has-theme-palette-2-color has-text-color\" data-kb-block=\"kb-adv-heading2063_46d76b-6d\"><\/p>\n<\/div><\/div>\n\n\n\n\n\n<div class=\"wp-block-kadence-column kadence-column2063_44fd8a-a9 inner-column-1\"><div class=\"kt-inside-inner-col\"><\/div><\/div>\n\n\n\n<div class=\"wp-block-kadence-column kadence-column2063_fa607b-6d inner-column-2\"><div class=\"kt-inside-inner-col\">\n<h4 class=\"kt-adv-heading2063_da8c4f-eb wp-block-kadence-advancedheading has-theme-palette-9-color has-text-color\" data-kb-block=\"kb-adv-heading2063_da8c4f-eb\">takolar<\/h4>\n\n\n\n<p class=\"kt-adv-heading2063_037514-83 wp-block-kadence-advancedheading has-theme-palette-9-color has-text-color\" data-kb-block=\"kb-adv-heading2063_037514-83\">Farkl\u0131 lezzetler arayanlar buraya!<\/p>\n\n\n\n<p class=\"kt-adv-heading2063_43d697-ca wp-block-kadence-advancedheading has-theme-palette-2-color has-text-color\" data-kb-block=\"kb-adv-heading2063_43d697-ca\"><\/p>\n<\/div><\/div>\n\n<\/div><\/div>\n\n\n\n\n\n<div class=\"wp-block-kadence-column kadence-column2063_e552a3-05\"><div class=\"kt-inside-inner-col\"><\/div><\/div>\n\n\n\n\n\n<div class=\"wp-block-kadence-column kadence-column2063_8f773c-53\"><div class=\"kt-inside-inner-col\">\n<h2 class=\"wp-block-heading has-text-align-center\">maydonoz d\u00f6ner salihli<\/h2>\n<\/div><\/div>\n\n\n\n\n\n<div class=\"wp-block-kadence-column kadence-column2063_25aa4e-65 inner-column-1\"><div class=\"kt-inside-inner-col\">\n<h2 class=\"kt-adv-heading2063_de4524-3e wp-block-kadence-advancedheading\" data-kb-block=\"kb-adv-heading2063_de4524-3e\">%100<\/h2>\n\n\n\n<p class=\"kt-adv-heading2063_f7697c-0f wp-block-kadence-advancedheading has-theme-palette-9-color has-text-color\" data-kb-block=\"kb-adv-heading2063_f7697c-0f\">M\u00fc\u015fteri Memnuniyeti<\/p>\n<\/div><\/div>\n\n\n\n<div class=\"wp-block-kadence-column kadence-column2063_d3d78a-fe inner-column-2\"><div class=\"kt-inside-inner-col\">\n<h2 class=\"kt-adv-heading2063_28be7a-5f wp-block-kadence-advancedheading\" data-kb-block=\"kb-adv-heading2063_28be7a-5f\">%100<\/h2>\n\n\n\n<p class=\"kt-adv-heading2063_57a41b-1a wp-block-kadence-advancedheading has-theme-palette-9-color has-text-color\" data-kb-block=\"kb-adv-heading2063_57a41b-1a\">Hijyen<\/p>\n<\/div><\/div>\n\n\n\n<div class=\"wp-block-kadence-column kadence-column2063_1f35b9-71 inner-column-3\"><div class=\"kt-inside-inner-col\">\n<h2 class=\"kt-adv-heading2063_3b5503-ca wp-block-kadence-advancedheading\" data-kb-block=\"kb-adv-heading2063_3b5503-ca\">%100<\/h2>\n\n\n\n<p class=\"kt-adv-heading2063_71828f-7e wp-block-kadence-advancedheading has-theme-palette-9-color has-text-color\" data-kb-block=\"kb-adv-heading2063_71828f-7e\">H\u0131zl\u0131 Teslimat<\/p>\n<\/div><\/div>\n\n\n\n<div class=\"wp-block-kadence-column kadence-column2063_f2927d-1d inner-column-4\"><div class=\"kt-inside-inner-col\">\n<h2 class=\"kt-adv-heading2063_4cc8d7-93 wp-block-kadence-advancedheading\" data-kb-block=\"kb-adv-heading2063_4cc8d7-93\">%100<\/h2>\n\n\n\n<p class=\"kt-adv-heading2063_27fe7c-92 wp-block-kadence-advancedheading has-theme-palette-9-color has-text-color\" data-kb-block=\"kb-adv-heading2063_27fe7c-92\">Lezzet Garantisi<\/p>\n<\/div><\/div>\n\n\n\n\n\n<div class=\"wp-block-kadence-column kadence-column2063_e1c8a4-67 inner-column-1\"><div class=\"kt-inside-inner-col\">\n<figure class=\"wp-block-image alignwide size-full\"><img loading=\"lazy\" decoding=\"async\" width=\"1276\" height=\"1340\" src=\"https:\/\/www.maydonozdonersivas.com\/wp-content\/uploads\/2024\/07\/1-3.png\" alt=\"\" class=\"wp-image-2249\" srcset=\"https:\/\/salihlimaydonozdoner.com\/wp-content\/uploads\/2024\/07\/1-3.png 1276w, https:\/\/salihlimaydonozdoner.com\/wp-content\/uploads\/2024\/07\/1-3-600x630.png 600w, https:\/\/salihlimaydonozdoner.com\/wp-content\/uploads\/2024\/07\/1-3-286x300.png 286w, https:\/\/salihlimaydonozdoner.com\/wp-content\/uploads\/2024\/07\/1-3-975x1024.png 975w, https:\/\/salihlimaydonozdoner.com\/wp-content\/uploads\/2024\/07\/1-3-768x807.png 768w\" sizes=\"auto, (max-width: 1276px) 100vw, 1276px\" \/><\/figure>\n<\/div><\/div>\n\n\n\n<div class=\"wp-block-kadence-column kadence-column2063_698452-c1 inner-column-2\"><div class=\"kt-inside-inner-col\">\n\n<div class=\"wp-block-kadence-column kadence-column2063_6a30ad-b0 inner-column-1\"><div class=\"kt-inside-inner-col\">\n<h6 class=\"kt-adv-heading2063_da9d6c-a1 wp-block-kadence-advancedheading\" data-kb-block=\"kb-adv-heading2063_da9d6c-a1\">Salihli<\/h6>\n\n\n\n<h2 class=\"kt-adv-heading2063_b17da0-1e wp-block-kadence-advancedheading\" data-kb-block=\"kb-adv-heading2063_b17da0-1e\">H\u0131zl\u0131 Tesl\u0130mat<\/h2>\n\n\n\n<p class=\"kt-adv-heading2063_317819-14 wp-block-kadence-advancedheading\" data-kb-block=\"kb-adv-heading2063_317819-14\">Maydonoz D\u00f6ner Sipari\u015fleriniz adreslerinize h\u0131zl\u0131 ve s\u0131cak \u015fekilde teslim edilmektedir. Siz de Maydonoz D\u00f6ner Salihli lezzetine h\u0131zl\u0131ca kavu\u015fak i\u00e7in sipari\u015f verebilirsiniz. Salihli&#8217;nin En \u0130yi D\u00f6nercisi Maydonoz D\u00f6ner Salihli \u015eubesi Olarak Hizmetinizdeyiz<\/p>\n<\/div><\/div>\n\n<\/div><\/div>\n\n\n\n\n\n<div class=\"wp-block-kadence-column kadence-column2063_bccec4-fc inner-column-1\"><div class=\"kt-inside-inner-col\">\n<h2 class=\"kt-adv-heading2063_a6c841-bf wp-block-kadence-advancedheading\" data-kb-block=\"kb-adv-heading2063_a6c841-bf\">Maydonoz D\u00f6ner\u0130n Enfes Lezzetler\u0130 Salihli&#8217;de<\/h2>\n\n\n\n<div class=\"wp-block-kadence-advancedbtn kb-buttons-wrap kb-btns2063_11c151-63\"><\/div>\n<\/div><\/div>\n\n\n\n\n\n<div class=\"wp-block-kadence-column kadence-column2063_526e16-f0 inner-column-1\"><div class=\"kt-inside-inner-col\">\n<h6 class=\"kt-adv-heading2063_ae3703-36 wp-block-kadence-advancedheading\" data-kb-block=\"kb-adv-heading2063_ae3703-36\">Maydonoz D\u00f6ner Salihli Hakk\u0131nda<\/h6>\n\n\n\n<h2 class=\"kt-adv-heading2063_4752b1-fe wp-block-kadence-advancedheading\" data-kb-block=\"kb-adv-heading2063_4752b1-fe\">m\u00fc\u015fteriler NELER DED\u0130?<\/h2>\n\n\n\n\n<div class=\"wp-block-kadence-column kadence-column2063_d5e4c5-ed inner-column-1\"><div class=\"kt-inside-inner-col\">\n\n<\/div><\/div>\n\n\n\n<div class=\"wp-block-kadence-column kadence-column2063_d9801c-2c inner-column-2\"><div class=\"kt-inside-inner-col\">\n\n<\/div><\/div>\n\n<\/div><\/div>\n\n\n\n\n\n<div class=\"wp-block-kadence-column kadence-column2063_d64546-75 inner-column-1\"><div class=\"kt-inside-inner-col\">\n\n<div class=\"wp-block-kadence-column kadence-column2063_f4e2f3-51 inner-column-1\"><div class=\"kt-inside-inner-col\">\n<h2 class=\"kt-adv-heading2063_df4684-89 wp-block-kadence-advancedheading\" data-kb-block=\"kb-adv-heading2063_df4684-89\">MAYDONOZ D\u00d6NER salihli<\/h2>\n\n\n\n<p class=\"kt-adv-heading2063_965233-e5 wp-block-kadence-advancedheading\" data-kb-block=\"kb-adv-heading2063_965233-e5\">Maydonoz D\u00f6ner Salihli Sipari\u015f vermek i\u00e7in bizlere Maydonoz D\u00f6ner Salihli yazarak ula\u015fabilirsiniz veya gelip restoran\u0131m\u0131zda yeme\u011finizi afiyetle yiyebilirsiniz!<\/p>\n<\/div><\/div>\n\n<\/div><\/div>\n\n\n\n<div class=\"wp-block-kadence-column kadence-column2063_a5ab16-fa inner-column-2\"><div class=\"kt-inside-inner-col\">\n<figure class=\"wp-block-image alignright size-full is-resized\"><img loading=\"lazy\" decoding=\"async\" width=\"991\" height=\"972\" src=\"https:\/\/www.maydonozdonersivas.com\/wp-content\/uploads\/2024\/05\/muhur.png\" alt=\"\" class=\"wp-image-171\" style=\"width:196px;height:auto\" srcset=\"https:\/\/salihlimaydonozdoner.com\/wp-content\/uploads\/2024\/05\/muhur.png 991w, https:\/\/salihlimaydonozdoner.com\/wp-content\/uploads\/2024\/05\/muhur-600x588.png 600w, https:\/\/salihlimaydonozdoner.com\/wp-content\/uploads\/2024\/05\/muhur-300x294.png 300w, https:\/\/salihlimaydonozdoner.com\/wp-content\/uploads\/2024\/05\/muhur-768x753.png 768w\" sizes=\"auto, (max-width: 991px) 100vw, 991px\" \/><\/figure>\n<\/div><\/div>\n\n\n\n\n<h2 class=\"wp-block-heading\">maydonoz d\u00f6ner<\/h2>\n\n\n\n<p><\/p>\n","protected":false},"excerpt":{"rendered":"<p>maydonoz d\u00f6ner<\/p>\n","protected":false},"author":1,"featured_media":0,"parent":0,"menu_order":0,"comment_status":"closed","ping_status":"closed","template":"","meta":{"_kad_post_transparent":"","_kad_post_title":"hide","_kad_post_layout":"fullwidth","_kad_post_sidebar_id":"","_kad_post_content_style":"unboxed","_kad_post_vertical_padding":"hide","_kad_post_feature":"hide","_kad_post_feature_position":"","_kad_post_header":false,"_kad_post_footer":false,"footnotes":""},"class_list":["post-2063","page","type-page","status-publish","hentry"],"_links":{"self":[{"href":"https:\/\/salihlimaydonozdoner.com\/index.php?rest_route=\/wp\/v2\/pages\/2063","targetHints":{"allow":["GET"]}}],"collection":[{"href":"https:\/\/salihlimaydonozdoner.com\/index.php?rest_route=\/wp\/v2\/pages"}],"about":[{"href":"https:\/\/salihlimaydonozdoner.com\/index.php?rest_route=\/wp\/v2\/types\/page"}],"author":[{"embeddable":true,"href":"https:\/\/salihlimaydonozdoner.com\/index.php?rest_route=\/wp\/v2\/users\/1"}],"replies":[{"embeddable":true,"href":"https:\/\/salihlimaydonozdoner.com\/index.php?rest_route=%2Fwp%2Fv2%2Fcomments&post=2063"}],"version-history":[{"count":24,"href":"https:\/\/salihlimaydonozdoner.com\/index.php?rest_route=\/wp\/v2\/pages\/2063\/revisions"}],"predecessor-version":[{"id":2567,"href":"https:\/\/salihlimaydonozdoner.com\/index.php?rest_route=\/wp\/v2\/pages\/2063\/revisions\/2567"}],"wp:attachment":[{"href":"https:\/\/salihlimaydonozdoner.com\/index.php?rest_route=%2Fwp%2Fv2%2Fmedia&parent=2063"}],"curies":[{"name":"wp","href":"https:\/\/api.w.org\/{rel}","templated":true}]}}