{"id":262,"date":"2024-05-28T21:23:39","date_gmt":"2024-05-28T18:23:39","guid":{"rendered":"https:\/\/www.maydonozdonersivas.com\/?page_id=262"},"modified":"2025-05-16T00:59:23","modified_gmt":"2025-05-15T21:59:23","slug":"hakkimizda","status":"publish","type":"page","link":"https:\/\/salihlimaydonozdoner.com\/?page_id=262","title":{"rendered":"Hakk\u0131m\u0131zda"},"content":{"rendered":"\n\n<div class=\"wp-block-kadence-column kadence-column262_159d81-19 inner-column-1\"><div class=\"kt-inside-inner-col\">\n<h6 class=\"kt-adv-heading262_3b3370-a1 wp-block-kadence-advancedheading\" data-kb-block=\"kb-adv-heading262_3b3370-a1\">Maydonoz D\u00f6ner Salihli<\/h6>\n\n\n\n<h1 class=\"kt-adv-heading262_1773fb-30 wp-block-kadence-advancedheading\" data-kb-block=\"kb-adv-heading262_1773fb-30\">HAKKIMIZDA<\/h1>\n\n\n\n<div class=\"wp-block-kadence-advancedbtn kb-buttons-wrap kb-btns262_b602aa-ac\"><\/div>\n<\/div><\/div>\n\n\n\n<div class=\"wp-block-kadence-column kadence-column262_2e862f-02 inner-column-2\"><div class=\"kt-inside-inner-col\"><\/div><\/div>\n\n\n\n\n\n<div class=\"wp-block-kadence-column kadence-column262_d27148-a9 inner-column-1\"><div class=\"kt-inside-inner-col\"><\/div><\/div>\n\n\n\n<div class=\"wp-block-kadence-column kadence-column262_86abbc-21 inner-column-2\"><div class=\"kt-inside-inner-col\">\n<h4 class=\"kt-adv-heading262_4f2756-ce wp-block-kadence-advancedheading has-theme-palette-3-color has-text-color\" data-kb-block=\"kb-adv-heading262_4f2756-ce\">Maydonoz D\u00f6ner Salihli<\/h4>\n\n\n\n<p class=\"kt-adv-heading262_dd7a36-c3 wp-block-kadence-advancedheading has-theme-palette-5-color has-text-color\" data-kb-block=\"kb-adv-heading262_dd7a36-c3\"><strong>Maydonoz D\u00f6ner Salihli<\/strong> \u015fubesi olarak, uzun y\u0131llardan beri Salihli&#8217;de Maydonoz D\u00f6ner&#8217;in lezzet tutkunlar\u0131na hizmet vermenin gururunu ya\u015f\u0131yoruz. M\u00fc\u015fterilerimize her zaman en taze ve lezzetli d\u00f6ner&#8217;i sunmay\u0131 ilke edindik.<\/p>\n<\/div><\/div>\n\n","protected":false},"excerpt":{"rendered":"","protected":false},"author":1,"featured_media":0,"parent":0,"menu_order":0,"comment_status":"closed","ping_status":"closed","template":"","meta":{"_kad_post_transparent":"disable","_kad_post_title":"hide","_kad_post_layout":"fullwidth","_kad_post_sidebar_id":"","_kad_post_content_style":"unboxed","_kad_post_vertical_padding":"hide","_kad_post_feature":"hide","_kad_post_feature_position":"","_kad_post_header":false,"_kad_post_footer":false,"footnotes":""},"class_list":["post-262","page","type-page","status-publish","hentry"],"_links":{"self":[{"href":"https:\/\/salihlimaydonozdoner.com\/index.php?rest_route=\/wp\/v2\/pages\/262","targetHints":{"allow":["GET"]}}],"collection":[{"href":"https:\/\/salihlimaydonozdoner.com\/index.php?rest_route=\/wp\/v2\/pages"}],"about":[{"href":"https:\/\/salihlimaydonozdoner.com\/index.php?rest_route=\/wp\/v2\/types\/page"}],"author":[{"embeddable":true,"href":"https:\/\/salihlimaydonozdoner.com\/index.php?rest_route=\/wp\/v2\/users\/1"}],"replies":[{"embeddable":true,"href":"https:\/\/salihlimaydonozdoner.com\/index.php?rest_route=%2Fwp%2Fv2%2Fcomments&post=262"}],"version-history":[{"count":2,"href":"https:\/\/salihlimaydonozdoner.com\/index.php?rest_route=\/wp\/v2\/pages\/262\/revisions"}],"predecessor-version":[{"id":2519,"href":"https:\/\/salihlimaydonozdoner.com\/index.php?rest_route=\/wp\/v2\/pages\/262\/revisions\/2519"}],"wp:attachment":[{"href":"https:\/\/salihlimaydonozdoner.com\/index.php?rest_route=%2Fwp%2Fv2%2Fmedia&parent=262"}],"curies":[{"name":"wp","href":"https:\/\/api.w.org\/{rel}","templated":true}]}}