{"id":266,"date":"2024-05-28T21:24:07","date_gmt":"2024-05-28T18:24:07","guid":{"rendered":"https:\/\/www.maydonozdonersivas.com\/?page_id=266"},"modified":"2025-05-18T20:24:17","modified_gmt":"2025-05-18T17:24:17","slug":"iletisim","status":"publish","type":"page","link":"https:\/\/salihlimaydonozdoner.com\/?page_id=266","title":{"rendered":"\u0130leti\u015fim"},"content":{"rendered":"\n\n<div class=\"wp-block-kadence-column kadence-column266_d73708-6d inner-column-1\"><div class=\"kt-inside-inner-col\">\n<h6 class=\"kt-adv-heading266_989ad3-87 wp-block-kadence-advancedheading\" data-kb-block=\"kb-adv-heading266_989ad3-87\">Maydonoz D\u00f6ner Salihli<\/h6>\n\n\n\n<h1 class=\"kt-adv-heading266_fa4a20-3e wp-block-kadence-advancedheading\" data-kb-block=\"kb-adv-heading266_fa4a20-3e\">\u0130LET\u0130\u015e\u0130M<\/h1>\n\n\n\n<div class=\"wp-block-kadence-advancedbtn kb-buttons-wrap kb-btns266_c5519a-3b\"><\/div>\n<\/div><\/div>\n\n\n\n<div class=\"wp-block-kadence-column kadence-column266_a3f91c-8c inner-column-2\"><div class=\"kt-inside-inner-col\"><\/div><\/div>\n\n\n\n\n\n<div class=\"wp-block-kadence-column kadence-column266_89a999-89 inner-column-1\"><div class=\"kt-inside-inner-col\">\n<div class=\"wp-block-kadence-spacer aligncenter kt-block-spacer-266_a5ceb6-95\"><div class=\"kt-block-spacer kt-block-spacer-halign-center\"><hr class=\"kt-divider\"\/><\/div><\/div>\n\n\n\n<h2 class=\"kt-adv-heading266_145e57-1a wp-block-kadence-advancedheading has-theme-palette-3-color has-text-color\" data-kb-block=\"kb-adv-heading266_145e57-1a\">MAYDONOZ D\u00d6NER sAL\u0130HL\u0130 \u015eUBES\u0130<\/h2>\n\n\n\n<p class=\"kt-adv-heading266_81e76e-0e wp-block-kadence-advancedheading has-theme-palette-5-color has-text-color\" data-kb-block=\"kb-adv-heading266_81e76e-0e\">D\u00f6ner Kebap severlerin Manisa Salihli&#8217;deki ilk tercihi Maydonoz D\u00f6ner ! Bu Lezzeti Tatmak \u0130\u00e7in Maydonoz D\u00f6ner Salihli Adresinden Hemen Bize Ula\u015f\u0131n! <\/p>\n\n\n\n\n<div class=\"wp-block-kadence-column kadence-column266_af1c45-b0\"><div class=\"kt-inside-inner-col\">\n<div class=\"wp-block-kadence-infobox kt-info-box266_c861d5-be\"><span class=\"kt-blocks-info-box-link-wrap info-box-link kt-blocks-info-box-media-align-left kt-info-halign-left kb-info-box-vertical-media-align-top\"><div class=\"kt-blocks-info-box-media-container\"><div class=\"kt-blocks-info-box-media kt-info-media-animate-none\"><div class=\"kadence-info-box-icon-container kt-info-icon-animate-none\"><div class=\"kadence-info-box-icon-inner-container\"><span data-name=\"fe_clock\" data-stroke=\"2\" data-class=\"kt-info-svg-icon\" class=\"kadence-dynamic-icon\"><\/span><\/div><\/div><\/div><\/div><div class=\"kt-infobox-textcontent\"><h5 class=\"kt-blocks-info-box-title\">\u00c7ALI\u015eMA SAATLER\u0130M\u0130Z:<\/h5><p class=\"kt-blocks-info-box-text\"><strong>T\u00fcm G\u00fcnler:<\/strong>&nbsp;10:00 &#8211; 02.00<\/p><\/div><\/span><\/div>\n<\/div><\/div>\n\n\n\n<div class=\"wp-block-kadence-column kadence-column266_dc4e29-23 inner-column-1\"><div class=\"kt-inside-inner-col\">\n<div class=\"wp-block-kadence-column kadence-column266_766196-f9 inner-column-3\"><div class=\"kt-inside-inner-col\">\n<div class=\"wp-block-kadence-infobox kt-info-box266_fd6308-8d\"><span class=\"kt-blocks-info-box-link-wrap info-box-link kt-blocks-info-box-media-align-left kt-info-halign-left kb-info-box-vertical-media-align-top\"><div class=\"kt-blocks-info-box-media-container\"><div class=\"kt-blocks-info-box-media kt-info-media-animate-none\"><div class=\"kadence-info-box-icon-container kt-info-icon-animate-none\"><div class=\"kadence-info-box-icon-inner-container\"><span data-name=\"ic_marker\" data-class=\"kt-info-svg-icon\" class=\"kadence-dynamic-icon\"><\/span><\/div><\/div><\/div><\/div><div class=\"kt-infobox-textcontent\"><h5 class=\"kt-blocks-info-box-title\">maydonoz d\u00f6ner sAL\u0130HL\u0130 ADRES:<\/h5><p class=\"kt-blocks-info-box-text\"><a href=\"https:\/\/www.google.com\/maps\/place\/\/data=!4m2!3m1!1s0x14b85b0753ee2633:0x7b90b6da9042366d?sa=X&amp;ved=1t:8290&amp;ictx=111\">Cumhuriyet, Atat\u00fcrk Cd. no:103\/C, 45300 Salihli\/Manisa<\/a><\/p><\/div><\/span><\/div>\n<\/div><\/div>\n<\/div><\/div>\n\n\n\n<div class=\"wp-block-kadence-column kadence-column266_d9659f-d1\"><div class=\"kt-inside-inner-col\">\n<div class=\"wp-block-kadence-column kadence-column266_d3759b-62 inner-column-3\"><div class=\"kt-inside-inner-col\">\n<div class=\"wp-block-kadence-infobox kt-info-box266_d1c969-67\"><span class=\"kt-blocks-info-box-link-wrap info-box-link kt-blocks-info-box-media-align-left kt-info-halign-left kb-info-box-vertical-media-align-top\"><div class=\"kt-blocks-info-box-media-container\"><div class=\"kt-blocks-info-box-media kt-info-media-animate-none\"><div class=\"kadence-info-box-icon-container kt-info-icon-animate-none\"><div class=\"kadence-info-box-icon-inner-container\"><span data-name=\"fe_phoneCall\" data-stroke=\"2\" data-class=\"kt-info-svg-icon\" class=\"kadence-dynamic-icon\"><\/span><\/div><\/div><\/div><\/div><div class=\"kt-infobox-textcontent\"><h5 class=\"kt-blocks-info-box-title\">maydonoz d\u00f6ner salihli telefon:<\/h5><p class=\"kt-blocks-info-box-text\">0236 202 01 02<\/p><\/div><\/span><\/div>\n<\/div><\/div>\n<\/div><\/div>\n\n<\/div><\/div>\n\n\n\n\n\n<div class=\"wp-block-kadence-column kadence-column266_ca91a4-34\"><div class=\"kt-inside-inner-col\"><\/div><\/div>\n\n\n\n\n<p><\/p>\n","protected":false},"excerpt":{"rendered":"","protected":false},"author":1,"featured_media":0,"parent":0,"menu_order":0,"comment_status":"closed","ping_status":"closed","template":"","meta":{"_kad_post_transparent":"disable","_kad_post_title":"hide","_kad_post_layout":"fullwidth","_kad_post_sidebar_id":"","_kad_post_content_style":"unboxed","_kad_post_vertical_padding":"hide","_kad_post_feature":"hide","_kad_post_feature_position":"","_kad_post_header":false,"_kad_post_footer":false,"footnotes":""},"class_list":["post-266","page","type-page","status-publish","hentry"],"_links":{"self":[{"href":"https:\/\/salihlimaydonozdoner.com\/index.php?rest_route=\/wp\/v2\/pages\/266","targetHints":{"allow":["GET"]}}],"collection":[{"href":"https:\/\/salihlimaydonozdoner.com\/index.php?rest_route=\/wp\/v2\/pages"}],"about":[{"href":"https:\/\/salihlimaydonozdoner.com\/index.php?rest_route=\/wp\/v2\/types\/page"}],"author":[{"embeddable":true,"href":"https:\/\/salihlimaydonozdoner.com\/index.php?rest_route=\/wp\/v2\/users\/1"}],"replies":[{"embeddable":true,"href":"https:\/\/salihlimaydonozdoner.com\/index.php?rest_route=%2Fwp%2Fv2%2Fcomments&post=266"}],"version-history":[{"count":9,"href":"https:\/\/salihlimaydonozdoner.com\/index.php?rest_route=\/wp\/v2\/pages\/266\/revisions"}],"predecessor-version":[{"id":2575,"href":"https:\/\/salihlimaydonozdoner.com\/index.php?rest_route=\/wp\/v2\/pages\/266\/revisions\/2575"}],"wp:attachment":[{"href":"https:\/\/salihlimaydonozdoner.com\/index.php?rest_route=%2Fwp%2Fv2%2Fmedia&parent=266"}],"curies":[{"name":"wp","href":"https:\/\/api.w.org\/{rel}","templated":true}]}}